{"id":286,"date":"2016-10-31T13:17:59","date_gmt":"2016-10-31T16:17:59","guid":{"rendered":"https:\/\/esm-mis.infd.edu.ar\/sitio\/?page_id=286"},"modified":"2018-07-03T10:38:43","modified_gmt":"2018-07-03T13:38:43","slug":"inicio","status":"publish","type":"page","link":"https:\/\/esm-mis.infd.edu.ar\/sitio\/","title":{"rendered":"Inicio"},"content":{"rendered":"<div id=\"metaslider-id-403\" style=\"width: 100%;\" class=\"ml-slider-3-33-0 metaslider metaslider-flex metaslider-403 ml-slider ms-theme-default\" role=\"region\" aria-roledescription=\"Slideshow\" aria-label=\"Slideshow\">\n    <div id=\"metaslider_container_403\">\n        <div id=\"metaslider_403\" class=\"flexslider\">\n            <ul aria-live=\"polite\" class=\"slides\">\n                <li style=\"display: block; width: 100%;\" class=\"slide-607 ms-image\" aria-roledescription=\"slide\" aria-label=\"slide-607\"><a href=\"https:\/\/mapa.infd.edu.ar\/\" target=\"_blank\"><img src=\"https:\/\/esm-mis.infd.edu.ar\/sitio\/wp-content\/uploads\/2018\/06\/mapa_infd6-1100x200.png\" height=\"200\" width=\"1100\" alt=\"\" class=\"slider-403 slide-607\" title=\"mapa_infd6\" \/><\/a><\/li>\n                <li style=\"display: none; width: 100%;\" class=\"slide-609 ms-image\" aria-roledescription=\"slide\" aria-label=\"slide-609\"><a href=\"https:\/\/www.argentina.gob.ar\/educacion\/becas\" target=\"_blank\"><img src=\"https:\/\/esm-mis.infd.edu.ar\/sitio\/wp-content\/uploads\/2018\/06\/becas7-1100x200.png\" height=\"200\" width=\"1100\" alt=\"\" class=\"slider-403 slide-609\" title=\"becas7\" \/><\/a><\/li>\n                <li style=\"display: none; width: 100%;\" class=\"slide-635 ms-image\" aria-roledescription=\"slide\" aria-label=\"slide-635\"><a href=\"https:\/\/www.argentina.gob.ar\/tema\/estudiar\/formacion-docencia\" target=\"_blank\"><img src=\"https:\/\/esm-mis.infd.edu.ar\/sitio\/wp-content\/uploads\/2018\/06\/convocatorias_slide6-1-1100x200.png\" height=\"200\" width=\"1100\" alt=\"\" class=\"slider-403 slide-635\" title=\"convocatorias_slide6-1\" \/><\/a><\/li>\n            <\/ul>\n        <\/div>\n        \n    <\/div>\n<\/div>\n<p><img decoding=\"async\" style=\"margin-right: auto; margin-left: auto; display: block;\" title=\"IsoLogo 2015 - ancho 400\" src=\"https:\/\/esm-mis.infd.edu.ar\/sitio\/wp-content\/uploads\/2018\/07\/IsoLogo_2015_-_ancho_400.jpg\" alt=\"IsoLogo 2015 - ancho 400\" border=\"0\" \/><\/p>\n<p style=\"text-align: center;\">La ESMu fue fundada en el a\u00f1o 1974 por un grupo de docentes y m\u00fasicos de la Provincia, que habiendo notado la falta de una instituci\u00f3n<br \/>\nque se dedicara a la ense\u00f1anza de la m\u00fasica, proponen al Ministerio de Educaci\u00f3n, la creaci\u00f3n del espacio que hoy cuenta <strong>con 40\u00a0a\u00f1os de vida.<\/strong><\/p>\n<p>\u00a0<img decoding=\"async\" style=\"margin-right: auto; margin-left: auto; display: block;\" title=\"IsoTipo 40 Aniversario con fondo celeste - ancho 400\" src=\"https:\/\/esm-mis.infd.edu.ar\/sitio\/wp-content\/uploads\/2018\/07\/ESMu_40_a%C3%B1os_para_perfil_fb_con_fondo_celeste_-_ancho_400.jpg\" alt=\"IsoTipo 40 Aniversario con fondo celeste - ancho 400\" border=\"0\" \/><\/p>\n<p>La Escuela Superior de M\u00fasica lleva el nombre de su primer Directora, <span style=\"color: #003300;\">la Prof. Mar\u00eda Esther Lorda de Torres<\/span>, quien diera el primer impulso al crecimiento, desarrollo y afianzamiento de la nueva escuela.<\/p>\n<p><span style=\"font-family: arial,helvetica,sans-serif;\"><span style=\"font-size: 12pt;\"><span style=\"color: #000000;\"><span style=\"font-size: 10pt;\"><img decoding=\"async\" style=\"border: 0px; vertical-align: middle; display: block; margin-left: auto; margin-right: auto;\" src=\"https:\/\/esm-mis.infd.edu.ar\/sitio\/wp-content\/uploads\/2018\/07\/Inicios_ESMu_-_picasa_-_gimp_5.jpg\" width=\"300\" border=\"0\" \/><\/span><\/span><\/span><\/span><\/p>\n<p>Despu\u00e9s de haber transcurrido varios a\u00f1os en que la ESMu no contara con edificio propio, las gestiones posteriores hicieron posible\u00a0la concreci\u00f3n de un lugar definitivo para el dictado de las clases\u00a0-anexado al mismo- el Auditorio, que comparte con la Escuela Superior de Danzas de la Provincia.<\/p>\n<p>La ESMu ha mantenido desde su creaci\u00f3n un objetivo fundamental que trasciende a las diferentes gestiones. Es\u00a0 la promoci\u00f3n, difusi\u00f3n y valorizaci\u00f3n de la educaci\u00f3n musical como pilar de la formaci\u00f3n integral del educando.<\/p>\n<p>Quienes formamos parte de esta Instituci\u00f3n estamos convencidos del valor formativo y del desarrollo de la sensibilidad de individuo a trav\u00e9s del arte, de la m\u00fasica, porque a lo largo de la historia, se ha podido vislumbrar el alcance que tiene la m\u00fasica en el desarrollo sensitivo y cognitivo de la persona, ayudando a formar\u00a0seres humanos\u00a0con un alto grado de compromiso consigo mismo y con su entorno, fomentando el crecimiento ilimitado de sus potencialidades.<\/p>\n<p>La Escuela Superior de M\u00fasica propone y promueve\u00a0una actitud de permanente crecimiento en sus docentes.<\/p>\n<p>Se ofrecen actualmente carreras de nivel medio y superio (IFD en M\u00fasica) y se vislumbran nuevas alternativas de formaci\u00f3n, demostrando con esta actitud, una mirada flexible y atenta a las demandas de la sociedad y de la educaci\u00f3n, que con la incorporaci\u00f3n de la tecnolog\u00eda, tambi\u00e9n en m\u00fasica, abre nuevos e ilimitados caminos de formaci\u00f3n y creaci\u00f3n.<\/p>\n<p>Crecimiento, desarrollo de la sensibilidad, creatividad y mirada inclusiva son caracter\u00edsticas de la ESMu.<\/p>\n<p>La M\u00fasica y el individuo son nuestros objetivos&#8230;y para ellos trabajamos.<\/p>\n<p><img decoding=\"async\" src=\"https:\/\/esm-mis.infd.edu.ar\/sitio\/wp-content\/uploads\/2018\/07\/la_red.jpg\" alt=\"Red virtual\" align=\"left\" border=\"0\" hspace=\"10\" \/>Junto con varios cientos de Institutos, integramos la Red\u00a0Virtual de Institutos Superiores de Formaci\u00f3n Docente\u00a0coordinada por el INFD (Instituto Nacional de Formaci\u00f3n Docente) dependiente del Ministerio de Educaci\u00f3n de la Naci\u00f3n Argentina.<\/p>\n","protected":false},"excerpt":{"rendered":"<p>La ESMu fue fundada en el a\u00f1o 1974 por un grupo de docentes y m\u00fasicos de la Provincia, que habiendo notado la falta de una instituci\u00f3n que se dedicara a la ense\u00f1anza de la m\u00fasica, proponen al Ministerio de Educaci\u00f3n, la creaci\u00f3n del espacio que hoy cuenta con 40\u00a0a\u00f1os de vida. \u00a0 La Escuela Superior &#8230; <a title=\"Inicio\" class=\"read-more\" href=\"https:\/\/esm-mis.infd.edu.ar\/sitio\/\" aria-label=\"More on Inicio\">[+]<\/a><\/p>\n","protected":false},"author":1,"featured_media":0,"parent":0,"menu_order":0,"comment_status":"closed","ping_status":"closed","template":"","meta":[],"acf":[],"_links":{"self":[{"href":"https:\/\/esm-mis.infd.edu.ar\/sitio\/wp-json\/wp\/v2\/pages\/286"}],"collection":[{"href":"https:\/\/esm-mis.infd.edu.ar\/sitio\/wp-json\/wp\/v2\/pages"}],"about":[{"href":"https:\/\/esm-mis.infd.edu.ar\/sitio\/wp-json\/wp\/v2\/types\/page"}],"author":[{"embeddable":true,"href":"https:\/\/esm-mis.infd.edu.ar\/sitio\/wp-json\/wp\/v2\/users\/1"}],"replies":[{"embeddable":true,"href":"https:\/\/esm-mis.infd.edu.ar\/sitio\/wp-json\/wp\/v2\/comments?post=286"}],"version-history":[{"count":78,"href":"https:\/\/esm-mis.infd.edu.ar\/sitio\/wp-json\/wp\/v2\/pages\/286\/revisions"}],"predecessor-version":[{"id":838,"href":"https:\/\/esm-mis.infd.edu.ar\/sitio\/wp-json\/wp\/v2\/pages\/286\/revisions\/838"}],"wp:attachment":[{"href":"https:\/\/esm-mis.infd.edu.ar\/sitio\/wp-json\/wp\/v2\/media?parent=286"}],"curies":[{"name":"wp","href":"https:\/\/api.w.org\/{rel}","templated":true}]}}